{"id":2914,"date":"2024-07-05T01:13:37","date_gmt":"2024-07-05T01:13:37","guid":{"rendered":"https:\/\/www.experienciacafetera.com\/?page_id=2914"},"modified":"2025-02-24T20:23:45","modified_gmt":"2025-02-24T20:23:45","slug":"elementor-2914","status":"publish","type":"page","link":"https:\/\/www.experienciacafetera.com\/fr\/elementor-2914\/","title":{"rendered":"Elementor #2914"},"content":{"rendered":"\t\t<div data-elementor-type=\"wp-page\" data-elementor-id=\"2914\" class=\"elementor elementor-2914\" data-elementor-post-type=\"page\">\n\t\t\t\t<section class=\"elementor-element elementor-element-2476d7b e-flex e-con-boxed e-con e-parent\" data-id=\"2476d7b\" data-element_type=\"container\" data-e-type=\"container\">\n\t\t\t\t\t<div class=\"e-con-inner\">\n\t\t\t\t<div class=\"elementor-element elementor-element-0913429 elementor-invisible elementor-widget elementor-widget-heading\" data-id=\"0913429\" data-element_type=\"widget\" data-e-type=\"widget\" data-settings=\"{&quot;_animation&quot;:&quot;fadeInUp&quot;}\" data-widget_type=\"heading.default\">\n\t\t\t\t<div class=\"elementor-widget-container\">\n\t\t\t\t\t<h2 class=\"elementor-heading-title elementor-size-default\">HOSPEDAJES<\/h2>\t\t\t\t<\/div>\n\t\t\t\t<\/div>\n\t\t<div class=\"elementor-element elementor-element-52a3d42 e-con-full e-flex elementor-invisible e-con e-child\" data-id=\"52a3d42\" data-element_type=\"container\" data-e-type=\"container\" data-settings=\"{&quot;animation&quot;:&quot;fadeInDown&quot;}\">\n\t\t<div class=\"elementor-element elementor-element-23b8694 e-con-full e-flex e-con e-child\" data-id=\"23b8694\" data-element_type=\"container\" data-e-type=\"container\">\n\t\t\t\t<div class=\"elementor-element elementor-element-c4a3640 elementor-widget elementor-widget-heading\" data-id=\"c4a3640\" data-element_type=\"widget\" data-e-type=\"widget\" data-widget_type=\"heading.default\">\n\t\t\t\t<div class=\"elementor-widget-container\">\n\t\t\t\t\t<h2 class=\"elementor-heading-title elementor-size-default\"><a href=\"https:\/\/www.experienciacafetera.com\/eje-cafetero\/casa-rivera-de-cacao\/\">Casa Rivera de Cacao <\/a><\/h2>\t\t\t\t<\/div>\n\t\t\t\t<\/div>\n\t\t\t\t<div class=\"elementor-element elementor-element-02e0269 elementor-widget elementor-widget-image\" data-id=\"02e0269\" data-element_type=\"widget\" data-e-type=\"widget\" data-widget_type=\"image.default\">\n\t\t\t\t<div class=\"elementor-widget-container\">\n\t\t\t\t\t\t\t\t\t\t\t\t\t\t\t<img fetchpriority=\"high\" decoding=\"async\" width=\"800\" height=\"534\" src=\"https:\/\/www.experienciacafetera.com\/wp-content\/uploads\/2024\/07\/img33-1024x683.jpg\" class=\"attachment-large size-large wp-image-1367\" alt=\"\" srcset=\"https:\/\/www.experienciacafetera.com\/wp-content\/uploads\/2024\/07\/img33-1024x683.jpg 1024w, https:\/\/www.experienciacafetera.com\/wp-content\/uploads\/2024\/07\/img33-300x200.jpg 300w, https:\/\/www.experienciacafetera.com\/wp-content\/uploads\/2024\/07\/img33-768x512.jpg 768w, https:\/\/www.experienciacafetera.com\/wp-content\/uploads\/2024\/07\/img33.jpg 1533w\" sizes=\"(max-width: 800px) 100vw, 800px\" \/>\t\t\t\t\t\t\t\t\t\t\t\t\t\t\t<\/div>\n\t\t\t\t<\/div>\n\t\t\t\t<div class=\"elementor-element elementor-element-3b0ef40 elementor-widget elementor-widget-text-editor\" data-id=\"3b0ef40\" data-element_type=\"widget\" data-e-type=\"widget\" data-widget_type=\"text-editor.default\">\n\t\t\t\t<div class=\"elementor-widget-container\">\n\t\t\t\t\t\t\t\t\t\nCasa Rivera de Cacao es una joya en el medio del Paisaje Cultural Cafetero.\t\t\t\t\t\t\t\t<\/div>\n\t\t\t\t<\/div>\n\t\t<div class=\"elementor-element elementor-element-81b9362 e-con-full e-flex e-con e-child\" data-id=\"81b9362\" data-element_type=\"container\" data-e-type=\"container\">\n\t\t\t\t<div class=\"elementor-element elementor-element-4613080 elementor-widget elementor-widget-text-editor\" data-id=\"4613080\" data-element_type=\"widget\" data-e-type=\"widget\" data-widget_type=\"text-editor.default\">\n\t\t\t\t<div class=\"elementor-widget-container\">\n\t\t\t\t\t\t\t\t\t<strong>Lugar:<\/strong>\nPijao, Quind\u00edo, Colombia\n\t\t\t\t\t\t\t\t<\/div>\n\t\t\t\t<\/div>\n\t\t\t\t<\/div>\n\t\t\t\t<\/div>\n\t\t<div class=\"elementor-element elementor-element-d57b9d7 e-con-full e-flex e-con e-child\" data-id=\"d57b9d7\" data-element_type=\"container\" data-e-type=\"container\">\n\t\t\t\t<div class=\"elementor-element elementor-element-751024f elementor-widget elementor-widget-heading\" data-id=\"751024f\" data-element_type=\"widget\" data-e-type=\"widget\" data-widget_type=\"heading.default\">\n\t\t\t\t<div class=\"elementor-widget-container\">\n\t\t\t\t\t<h2 class=\"elementor-heading-title elementor-size-default\"><a href=\"https:\/\/www.experienciacafetera.com\/eje-cafetero\/hotel-san-telmo\/\">Hotel San Telmo<\/a><\/h2>\t\t\t\t<\/div>\n\t\t\t\t<\/div>\n\t\t\t\t<div class=\"elementor-element elementor-element-de490b0 elementor-widget elementor-widget-image\" data-id=\"de490b0\" data-element_type=\"widget\" data-e-type=\"widget\" data-widget_type=\"image.default\">\n\t\t\t\t<div class=\"elementor-widget-container\">\n\t\t\t\t\t\t\t\t\t\t\t\t\t\t\t<img decoding=\"async\" width=\"599\" height=\"337\" src=\"https:\/\/www.experienciacafetera.com\/wp-content\/uploads\/2024\/07\/santelmo4-1.jpg\" class=\"attachment-large size-large wp-image-1311\" alt=\"\" srcset=\"https:\/\/www.experienciacafetera.com\/wp-content\/uploads\/2024\/07\/santelmo4-1.jpg 599w, https:\/\/www.experienciacafetera.com\/wp-content\/uploads\/2024\/07\/santelmo4-1-300x169.jpg 300w\" sizes=\"(max-width: 599px) 100vw, 599px\" \/>\t\t\t\t\t\t\t\t\t\t\t\t\t\t\t<\/div>\n\t\t\t\t<\/div>\n\t\t\t\t<div class=\"elementor-element elementor-element-e72ef3c elementor-widget elementor-widget-text-editor\" data-id=\"e72ef3c\" data-element_type=\"widget\" data-e-type=\"widget\" data-widget_type=\"text-editor.default\">\n\t\t\t\t<div class=\"elementor-widget-container\">\n\t\t\t\t\t\t\t\t\tCerca a la Bas\u00edlica Menor del Se\u00f1or de Los Milagros de Buga, espacio ameno de 16 habitaciones con ba\u00f1o privado cada una, tienda de caf\u00e9.\n\t\t\t\t\t\t\t\t<\/div>\n\t\t\t\t<\/div>\n\t\t<div class=\"elementor-element elementor-element-8b30bf1 e-con-full e-flex e-con e-child\" data-id=\"8b30bf1\" data-element_type=\"container\" data-e-type=\"container\">\n\t\t\t\t<div class=\"elementor-element elementor-element-c6c16a5 elementor-widget elementor-widget-text-editor\" data-id=\"c6c16a5\" data-element_type=\"widget\" data-e-type=\"widget\" data-widget_type=\"text-editor.default\">\n\t\t\t\t<div class=\"elementor-widget-container\">\n\t\t\t\t\t\t\t\t\t<p><strong>Lugar:<\/strong><br>\nBuga, Valle del Cauca, Colombia<\/p>\t\t\t\t\t\t\t\t<\/div>\n\t\t\t\t<\/div>\n\t\t\t\t<\/div>\n\t\t\t\t<\/div>\n\t\t<div class=\"elementor-element elementor-element-aae51fe e-con-full e-flex e-con e-child\" data-id=\"aae51fe\" data-element_type=\"container\" data-e-type=\"container\">\n\t\t\t\t<div class=\"elementor-element elementor-element-5ab0803 elementor-widget elementor-widget-heading\" data-id=\"5ab0803\" data-element_type=\"widget\" data-e-type=\"widget\" data-widget_type=\"heading.default\">\n\t\t\t\t<div class=\"elementor-widget-container\">\n\t\t\t\t\t<h2 class=\"elementor-heading-title elementor-size-default\"><a href=\"https:\/\/www.experienciacafetera.com\/eje-cafetero\/hacienda-bambusa\/\">HACIENDA BAMBUSA<\/a><\/h2>\t\t\t\t<\/div>\n\t\t\t\t<\/div>\n\t\t\t\t<div class=\"elementor-element elementor-element-af0816a elementor-widget elementor-widget-image\" data-id=\"af0816a\" data-element_type=\"widget\" data-e-type=\"widget\" data-widget_type=\"image.default\">\n\t\t\t\t<div class=\"elementor-widget-container\">\n\t\t\t\t\t\t\t\t\t\t\t\t\t\t\t<img decoding=\"async\" width=\"680\" height=\"450\" src=\"https:\/\/www.experienciacafetera.com\/wp-content\/uploads\/2024\/08\/2023-09-06.jpg\" class=\"attachment-large size-large wp-image-1601\" alt=\"\" srcset=\"https:\/\/www.experienciacafetera.com\/wp-content\/uploads\/2024\/08\/2023-09-06.jpg 680w, https:\/\/www.experienciacafetera.com\/wp-content\/uploads\/2024\/08\/2023-09-06-300x199.jpg 300w\" sizes=\"(max-width: 680px) 100vw, 680px\" \/>\t\t\t\t\t\t\t\t\t\t\t\t\t\t\t<\/div>\n\t\t\t\t<\/div>\n\t\t\t\t<div class=\"elementor-element elementor-element-7343efc elementor-widget elementor-widget-text-editor\" data-id=\"7343efc\" data-element_type=\"widget\" data-e-type=\"widget\" data-widget_type=\"text-editor.default\">\n\t\t\t\t<div class=\"elementor-widget-container\">\n\t\t\t\t\t\t\t\t\t<p>Al\u00f3jate en esta gran casa constru\u00edda en guadua al estilo t\u00edpico de la <strong>regi\u00f3n cafetera.<\/strong><\/p>\t\t\t\t\t\t\t\t<\/div>\n\t\t\t\t<\/div>\n\t\t<div class=\"elementor-element elementor-element-0f5defb e-con-full e-flex e-con e-child\" data-id=\"0f5defb\" data-element_type=\"container\" data-e-type=\"container\">\n\t\t\t\t<div class=\"elementor-element elementor-element-c0d5fbd elementor-widget elementor-widget-text-editor\" data-id=\"c0d5fbd\" data-element_type=\"widget\" data-e-type=\"widget\" data-widget_type=\"text-editor.default\">\n\t\t\t\t<div class=\"elementor-widget-container\">\n\t\t\t\t\t\t\t\t\t<p><strong>Lugar:<\/strong><br \/>Armenia, Quind\u00edo, Colombia<\/p>\t\t\t\t\t\t\t\t<\/div>\n\t\t\t\t<\/div>\n\t\t\t\t<\/div>\n\t\t\t\t<\/div>\n\t\t\t\t<\/div>\n\t\t<div class=\"elementor-element elementor-element-d8f6641 e-con-full e-flex elementor-invisible e-con e-child\" data-id=\"d8f6641\" data-element_type=\"container\" data-e-type=\"container\" data-settings=\"{&quot;animation&quot;:&quot;zoomIn&quot;}\">\n\t\t\t\t<div class=\"elementor-element elementor-element-0b83f30 elementor-widget elementor-widget-image-carousel\" data-id=\"0b83f30\" data-element_type=\"widget\" data-e-type=\"widget\" data-settings=\"{&quot;slides_to_show&quot;:&quot;1&quot;,&quot;navigation&quot;:&quot;none&quot;,&quot;autoplay&quot;:&quot;yes&quot;,&quot;pause_on_hover&quot;:&quot;yes&quot;,&quot;pause_on_interaction&quot;:&quot;yes&quot;,&quot;autoplay_speed&quot;:5000,&quot;infinite&quot;:&quot;yes&quot;,&quot;effect&quot;:&quot;slide&quot;,&quot;speed&quot;:500}\" data-widget_type=\"image-carousel.default\">\n\t\t\t\t<div class=\"elementor-widget-container\">\n\t\t\t\t\t\t\t<div class=\"elementor-image-carousel-wrapper swiper\" role=\"region\" aria-roledescription=\"carousel\" aria-label=\"Carrusel de im\u00e1genes\" dir=\"ltr\">\n\t\t\t<div class=\"elementor-image-carousel swiper-wrapper\" aria-live=\"off\">\n\t\t\t\t\t\t\t\t<div class=\"swiper-slide\" role=\"group\" aria-roledescription=\"slide\" aria-label=\"1 sur 1\"><figure class=\"swiper-slide-inner\"><img decoding=\"async\" class=\"swiper-slide-image\" src=\"https:\/\/www.experienciacafetera.com\/wp-content\/uploads\/2024\/07\/banner_a_wakecup_es.jpg\" alt=\"banner_a_wakecup_es\" \/><\/figure><\/div>\t\t\t<\/div>\n\t\t\t\t\t<\/div>\n\t\t\t\t\t\t<\/div>\n\t\t\t\t<\/div>\n\t\t\t\t<\/div>\n\t\t\t\t\t<\/div>\n\t\t\t\t<\/section>\n\t\t\t\t<\/div>\n\t\t","protected":false},"excerpt":{"rendered":"<p>HOSPEDAJES Casa Rivera de Cacao Casa Rivera de Cacao es una joya en el medio del Paisaje Cultural Cafetero.Lugar: Pijao, Quind\u00edo, Colombia Hotel San Telmo Cerca a la Bas\u00edlica Menor del Se\u00f1or de Los Milagros de Buga, espacio ameno de 16 habitaciones con ba\u00f1o privado cada una, tienda de caf\u00e9. Lugar: Buga, Valle del Cauca, [&hellip;]<\/p>\n","protected":false},"author":3,"featured_media":0,"parent":0,"menu_order":0,"comment_status":"closed","ping_status":"closed","template":"elementor_header_footer","meta":{"footnotes":""},"class_list":["post-2914","page","type-page","status-publish","hentry"],"_links":{"self":[{"href":"https:\/\/www.experienciacafetera.com\/fr\/wp-json\/wp\/v2\/pages\/2914","targetHints":{"allow":["GET"]}}],"collection":[{"href":"https:\/\/www.experienciacafetera.com\/fr\/wp-json\/wp\/v2\/pages"}],"about":[{"href":"https:\/\/www.experienciacafetera.com\/fr\/wp-json\/wp\/v2\/types\/page"}],"author":[{"embeddable":true,"href":"https:\/\/www.experienciacafetera.com\/fr\/wp-json\/wp\/v2\/users\/3"}],"replies":[{"embeddable":true,"href":"https:\/\/www.experienciacafetera.com\/fr\/wp-json\/wp\/v2\/comments?post=2914"}],"version-history":[{"count":4,"href":"https:\/\/www.experienciacafetera.com\/fr\/wp-json\/wp\/v2\/pages\/2914\/revisions"}],"predecessor-version":[{"id":2918,"href":"https:\/\/www.experienciacafetera.com\/fr\/wp-json\/wp\/v2\/pages\/2914\/revisions\/2918"}],"wp:attachment":[{"href":"https:\/\/www.experienciacafetera.com\/fr\/wp-json\/wp\/v2\/media?parent=2914"}],"curies":[{"name":"wp","href":"https:\/\/api.w.org\/{rel}","templated":true}]}}