{"id":992,"date":"2024-07-05T01:19:43","date_gmt":"2024-07-05T01:19:43","guid":{"rendered":"https:\/\/www.experienciacafetera.com\/?page_id=992"},"modified":"2025-11-11T18:38:38","modified_gmt":"2025-11-11T18:38:38","slug":"casa-rivera-de-cacao-0","status":"publish","type":"page","link":"https:\/\/www.experienciacafetera.com\/en\/coffee-region\/casa-rivera-de-cacao-0\/","title":{"rendered":"Zepal Ecolodge"},"content":{"rendered":"\t\t<div data-elementor-type=\"wp-page\" data-elementor-id=\"992\" class=\"elementor elementor-992\" data-elementor-post-type=\"page\">\n\t\t\t\t<section class=\"elementor-element elementor-element-b5d7bc5 e-flex e-con-boxed e-con e-parent\" data-id=\"b5d7bc5\" data-element_type=\"container\" data-e-type=\"container\">\n\t\t\t\t\t<div class=\"e-con-inner\">\n\t\t\t\t<div class=\"elementor-element elementor-element-0db2688 elementor-invisible elementor-widget elementor-widget-heading\" data-id=\"0db2688\" data-element_type=\"widget\" data-e-type=\"widget\" data-settings=\"{&quot;_animation&quot;:&quot;fadeInDown&quot;}\" data-widget_type=\"heading.default\">\n\t\t\t\t<div class=\"elementor-widget-container\">\n\t\t\t\t\t<h1 class=\"elementor-heading-title elementor-size-default\">PANORAMA CAF\u00c9 HOSTAL<\/h1>\t\t\t\t<\/div>\n\t\t\t\t<\/div>\n\t\t\t\t<div class=\"elementor-element elementor-element-ae24abf elementor-widget-divider--view-line elementor-widget elementor-widget-divider\" data-id=\"ae24abf\" data-element_type=\"widget\" data-e-type=\"widget\" data-widget_type=\"divider.default\">\n\t\t\t\t<div class=\"elementor-widget-container\">\n\t\t\t\t\t\t\t<div class=\"elementor-divider\">\n\t\t\t<span class=\"elementor-divider-separator\">\n\t\t\t\t\t\t<\/span>\n\t\t<\/div>\n\t\t\t\t\t\t<\/div>\n\t\t\t\t<\/div>\n\t\t\t\t<div class=\"elementor-element elementor-element-5f26613 elementor-widget__width-initial elementor-invisible elementor-widget elementor-widget-heading\" data-id=\"5f26613\" data-element_type=\"widget\" data-e-type=\"widget\" data-settings=\"{&quot;_animation&quot;:&quot;fadeInDown&quot;,&quot;_animation_delay&quot;:200}\" data-widget_type=\"heading.default\">\n\t\t\t\t<div class=\"elementor-widget-container\">\n\t\t\t\t\t<h3 class=\"elementor-heading-title elementor-size-default\">Wake up to coffee-scented mornings and mountain views<\/h3>\t\t\t\t<\/div>\n\t\t\t\t<\/div>\n\t\t<div class=\"elementor-element elementor-element-b523468 e-con-full e-flex e-con e-child\" data-id=\"b523468\" data-element_type=\"container\" data-e-type=\"container\">\n\t\t<div class=\"elementor-element elementor-element-b03da74 e-con-full e-flex elementor-invisible e-con e-child\" data-id=\"b03da74\" data-element_type=\"container\" data-e-type=\"container\" data-settings=\"{&quot;animation&quot;:&quot;bounceInLeft&quot;}\">\n\t\t\t\t<div class=\"elementor-element elementor-element-57e4209 elementor-widget elementor-widget-text-editor\" data-id=\"57e4209\" data-element_type=\"widget\" data-e-type=\"widget\" data-widget_type=\"text-editor.default\">\n\t\t\t\t<div class=\"elementor-widget-container\">\n\t\t\t\t\t\t\t\t\t<p data-start=\"814\" data-end=\"1111\"><strong data-start=\"816\" data-end=\"850\">\u2615A stay that feels like a story<\/strong><br data-start=\"850\" data-end=\"853\" \/>Located in the heart of the Coffee Triangle, Panorama Caf\u00e9 Hostel blends local culture, comfort, and authentic hospitality. Whether you\u2019re a solo traveler, backpacker, or couple, this cozy hostel offers the perfect balance between adventure and relaxation.<\/p><p data-start=\"1113\" data-end=\"1337\">\ud83c\udfe1 <strong data-start=\"1116\" data-end=\"1147\">Cozy vibes &amp; stunning views<\/strong><br data-start=\"1147\" data-end=\"1150\" \/>Enjoy bright, comfortable rooms, social areas surrounded by greenery, and panoramic terraces where you can sip the best local coffee while watching paragliders soar above the mountains.<\/p><p data-start=\"1339\" data-end=\"1567\">\ud83d\udd25 <strong data-start=\"1342\" data-end=\"1378\">More than a stay \u2014 an experience<\/strong><br data-start=\"1378\" data-end=\"1381\" \/>Join coffee tastings, explore nearby fincas, or take a paragliding flight for a breathtaking perspective of the region. At Panorama Caf\u00e9 Hostel, every sunrise feels like a fresh start.<\/p><p data-start=\"1569\" data-end=\"1691\">\u2728 <strong data-start=\"1571\" data-end=\"1598\">Stay. Connect. Explore.<\/strong><br data-start=\"1598\" data-end=\"1601\" \/>Discover why travelers call it <em data-start=\"1632\" data-end=\"1689\">\u201cthe most charming hostel in Colombia\u2019s Coffee Region.\u201d<\/em><\/p><p data-start=\"1693\" data-end=\"1780\">\ud83d\udccd Prime Location | \u2615 Authentic Coffee Culture | \ud83c\udfde\ufe0f Epic Views | \ud83e\ude82 Adventure Awaits<\/p>\t\t\t\t\t\t\t\t<\/div>\n\t\t\t\t<\/div>\n\t\t\t\t<\/div>\n\t\t\t\t<\/div>\n\t\t<div class=\"elementor-element elementor-element-b16088f e-con-full e-flex e-con e-child\" data-id=\"b16088f\" data-element_type=\"container\" data-e-type=\"container\">\n\t\t\t\t<div class=\"elementor-element elementor-element-8463513 elementor-widget elementor-widget-gallery\" data-id=\"8463513\" data-element_type=\"widget\" data-e-type=\"widget\" data-settings=\"{&quot;columns&quot;:3,&quot;lazyload&quot;:&quot;yes&quot;,&quot;gallery_layout&quot;:&quot;grid&quot;,&quot;columns_tablet&quot;:2,&quot;columns_mobile&quot;:1,&quot;gap&quot;:{&quot;unit&quot;:&quot;px&quot;,&quot;size&quot;:10,&quot;sizes&quot;:[]},&quot;gap_tablet&quot;:{&quot;unit&quot;:&quot;px&quot;,&quot;size&quot;:10,&quot;sizes&quot;:[]},&quot;gap_mobile&quot;:{&quot;unit&quot;:&quot;px&quot;,&quot;size&quot;:10,&quot;sizes&quot;:[]},&quot;link_to&quot;:&quot;file&quot;,&quot;aspect_ratio&quot;:&quot;3:2&quot;,&quot;overlay_background&quot;:&quot;yes&quot;,&quot;content_hover_animation&quot;:&quot;fade-in&quot;}\" data-widget_type=\"gallery.default\">\n\t\t\t\t<div class=\"elementor-widget-container\">\n\t\t\t\t\t\t\t<div class=\"elementor-gallery__container\">\n\t\t\t\t\t\t\t<a class=\"e-gallery-item elementor-gallery-item elementor-animated-content\" href=\"https:\/\/www.experienciacafetera.com\/wp-content\/uploads\/2025\/11\/Comedor-con-panorama-1-1-scaled.jpg\" data-elementor-open-lightbox=\"yes\" data-elementor-lightbox-slideshow=\"8463513\" data-elementor-lightbox-title=\"Comedor con panorama (1)\" data-e-action-hash=\"#elementor-action%3Aaction%3Dlightbox%26settings%3DeyJpZCI6NDMwOSwidXJsIjoiaHR0cHM6XC9cL3d3dy5leHBlcmllbmNpYWNhZmV0ZXJhLmNvbVwvd3AtY29udGVudFwvdXBsb2Fkc1wvMjAyNVwvMTFcL0NvbWVkb3ItY29uLXBhbm9yYW1hLTEtMS1zY2FsZWQuanBnIiwic2xpZGVzaG93IjoiODQ2MzUxMyJ9\">\n\t\t\t\t\t<div class=\"e-gallery-image elementor-gallery-item__image\" data-thumbnail=\"https:\/\/www.experienciacafetera.com\/wp-content\/uploads\/2025\/11\/Comedor-con-panorama-1-1-1024x768.jpg\" data-width=\"800\" data-height=\"600\" aria-label=\"\" role=\"img\" ><\/div>\n\t\t\t\t\t\t\t\t\t\t\t<div class=\"elementor-gallery-item__overlay\"><\/div>\n\t\t\t\t\t\t\t\t\t\t\t\t\t\t<\/a>\n\t\t\t\t\t\t\t<a class=\"e-gallery-item elementor-gallery-item elementor-animated-content\" href=\"https:\/\/www.experienciacafetera.com\/wp-content\/uploads\/2025\/11\/Zona-comun-con-vista-panorama-1-1-1-scaled.jpg\" data-elementor-open-lightbox=\"yes\" data-elementor-lightbox-slideshow=\"8463513\" data-elementor-lightbox-title=\"Zona com\u00fan con vista panorama (1) (1)\" data-e-action-hash=\"#elementor-action%3Aaction%3Dlightbox%26settings%3DeyJpZCI6NDMxOCwidXJsIjoiaHR0cHM6XC9cL3d3dy5leHBlcmllbmNpYWNhZmV0ZXJhLmNvbVwvd3AtY29udGVudFwvdXBsb2Fkc1wvMjAyNVwvMTFcL1pvbmEtY29tdW4tY29uLXZpc3RhLXBhbm9yYW1hLTEtMS0xLXNjYWxlZC5qcGciLCJzbGlkZXNob3ciOiI4NDYzNTEzIn0%3D\">\n\t\t\t\t\t<div class=\"e-gallery-image elementor-gallery-item__image\" data-thumbnail=\"https:\/\/www.experienciacafetera.com\/wp-content\/uploads\/2025\/11\/Zona-comun-con-vista-panorama-1-1-1-1024x768.jpg\" data-width=\"800\" data-height=\"600\" aria-label=\"\" role=\"img\" ><\/div>\n\t\t\t\t\t\t\t\t\t\t\t<div class=\"elementor-gallery-item__overlay\"><\/div>\n\t\t\t\t\t\t\t\t\t\t\t\t\t\t<\/a>\n\t\t\t\t\t\t\t<a class=\"e-gallery-item elementor-gallery-item elementor-animated-content\" href=\"https:\/\/www.experienciacafetera.com\/wp-content\/uploads\/2025\/11\/Habitacion-Montanas_-doble-privada-110.000-cop-Habitacion-1-1-scaled.jpg\" data-elementor-open-lightbox=\"yes\" data-elementor-lightbox-slideshow=\"8463513\" data-elementor-lightbox-title=\"Habitaci\u00f3n Monta\u00f1as_ doble privada-110.000 cop- Habitaci\u00f3n (1)\" data-e-action-hash=\"#elementor-action%3Aaction%3Dlightbox%26settings%3DeyJpZCI6NDMyMSwidXJsIjoiaHR0cHM6XC9cL3d3dy5leHBlcmllbmNpYWNhZmV0ZXJhLmNvbVwvd3AtY29udGVudFwvdXBsb2Fkc1wvMjAyNVwvMTFcL0hhYml0YWNpb24tTW9udGFuYXNfLWRvYmxlLXByaXZhZGEtMTEwLjAwMC1jb3AtSGFiaXRhY2lvbi0xLTEtc2NhbGVkLmpwZyIsInNsaWRlc2hvdyI6Ijg0NjM1MTMifQ%3D%3D\">\n\t\t\t\t\t<div class=\"e-gallery-image elementor-gallery-item__image\" data-thumbnail=\"https:\/\/www.experienciacafetera.com\/wp-content\/uploads\/2025\/11\/Habitacion-Montanas_-doble-privada-110.000-cop-Habitacion-1-1-1024x768.jpg\" data-width=\"800\" data-height=\"600\" aria-label=\"\" role=\"img\" ><\/div>\n\t\t\t\t\t\t\t\t\t\t\t<div class=\"elementor-gallery-item__overlay\"><\/div>\n\t\t\t\t\t\t\t\t\t\t\t\t\t\t<\/a>\n\t\t\t\t\t\t\t<a class=\"e-gallery-item elementor-gallery-item elementor-animated-content\" href=\"https:\/\/www.experienciacafetera.com\/wp-content\/uploads\/2025\/11\/Habitacion-Cielo_-compartida-60.000-cop-por-persona-1-1-scaled.jpg\" data-elementor-open-lightbox=\"yes\" data-elementor-lightbox-slideshow=\"8463513\" data-elementor-lightbox-title=\"Habitaci\u00f3n Cielo_ compartida-60.000 cop por persona (1)\" data-e-action-hash=\"#elementor-action%3Aaction%3Dlightbox%26settings%3DeyJpZCI6NDMyNCwidXJsIjoiaHR0cHM6XC9cL3d3dy5leHBlcmllbmNpYWNhZmV0ZXJhLmNvbVwvd3AtY29udGVudFwvdXBsb2Fkc1wvMjAyNVwvMTFcL0hhYml0YWNpb24tQ2llbG9fLWNvbXBhcnRpZGEtNjAuMDAwLWNvcC1wb3ItcGVyc29uYS0xLTEtc2NhbGVkLmpwZyIsInNsaWRlc2hvdyI6Ijg0NjM1MTMifQ%3D%3D\">\n\t\t\t\t\t<div class=\"e-gallery-image elementor-gallery-item__image\" data-thumbnail=\"https:\/\/www.experienciacafetera.com\/wp-content\/uploads\/2025\/11\/Habitacion-Cielo_-compartida-60.000-cop-por-persona-1-1-1024x768.jpg\" data-width=\"800\" data-height=\"600\" aria-label=\"\" role=\"img\" ><\/div>\n\t\t\t\t\t\t\t\t\t\t\t<div class=\"elementor-gallery-item__overlay\"><\/div>\n\t\t\t\t\t\t\t\t\t\t\t\t\t\t<\/a>\n\t\t\t\t\t\t\t<a class=\"e-gallery-item elementor-gallery-item elementor-animated-content\" href=\"https:\/\/www.experienciacafetera.com\/wp-content\/uploads\/2025\/11\/Cocina-integral-1-1-scaled.jpg\" data-elementor-open-lightbox=\"yes\" data-elementor-lightbox-slideshow=\"8463513\" data-elementor-lightbox-title=\"Cocina integral (1)\" data-e-action-hash=\"#elementor-action%3Aaction%3Dlightbox%26settings%3DeyJpZCI6NDMyNywidXJsIjoiaHR0cHM6XC9cL3d3dy5leHBlcmllbmNpYWNhZmV0ZXJhLmNvbVwvd3AtY29udGVudFwvdXBsb2Fkc1wvMjAyNVwvMTFcL0NvY2luYS1pbnRlZ3JhbC0xLTEtc2NhbGVkLmpwZyIsInNsaWRlc2hvdyI6Ijg0NjM1MTMifQ%3D%3D\">\n\t\t\t\t\t<div class=\"e-gallery-image elementor-gallery-item__image\" data-thumbnail=\"https:\/\/www.experienciacafetera.com\/wp-content\/uploads\/2025\/11\/Cocina-integral-1-1-1024x768.jpg\" data-width=\"800\" data-height=\"600\" aria-label=\"\" role=\"img\" ><\/div>\n\t\t\t\t\t\t\t\t\t\t\t<div class=\"elementor-gallery-item__overlay\"><\/div>\n\t\t\t\t\t\t\t\t\t\t\t\t\t\t<\/a>\n\t\t\t\t\t\t\t<a class=\"e-gallery-item elementor-gallery-item elementor-animated-content\" href=\"https:\/\/www.experienciacafetera.com\/wp-content\/uploads\/2025\/11\/Bano-compartido.-agua-caliente-1-scaled.jpg\" data-elementor-open-lightbox=\"yes\" data-elementor-lightbox-slideshow=\"8463513\" data-elementor-lightbox-title=\"Ba\u00f1o compartido. agua caliente (1)\" data-e-action-hash=\"#elementor-action%3Aaction%3Dlightbox%26settings%3DeyJpZCI6NDMzMCwidXJsIjoiaHR0cHM6XC9cL3d3dy5leHBlcmllbmNpYWNhZmV0ZXJhLmNvbVwvd3AtY29udGVudFwvdXBsb2Fkc1wvMjAyNVwvMTFcL0Jhbm8tY29tcGFydGlkby4tYWd1YS1jYWxpZW50ZS0xLXNjYWxlZC5qcGciLCJzbGlkZXNob3ciOiI4NDYzNTEzIn0%3D\">\n\t\t\t\t\t<div class=\"e-gallery-image elementor-gallery-item__image\" data-thumbnail=\"https:\/\/www.experienciacafetera.com\/wp-content\/uploads\/2025\/11\/Bano-compartido.-agua-caliente-1-1024x768.jpg\" data-width=\"800\" data-height=\"600\" aria-label=\"\" role=\"img\" ><\/div>\n\t\t\t\t\t\t\t\t\t\t\t<div class=\"elementor-gallery-item__overlay\"><\/div>\n\t\t\t\t\t\t\t\t\t\t\t\t\t\t<\/a>\n\t\t\t\t\t\t\t<a class=\"e-gallery-item elementor-gallery-item elementor-animated-content\" href=\"https:\/\/www.experienciacafetera.com\/wp-content\/uploads\/2025\/11\/Comedor-barra-con-panorama-1-1-scaled.jpg\" data-elementor-open-lightbox=\"yes\" data-elementor-lightbox-slideshow=\"8463513\" data-elementor-lightbox-title=\"Comedor barra con panorama (1) (1)\" data-e-action-hash=\"#elementor-action%3Aaction%3Dlightbox%26settings%3DeyJpZCI6NDMzMywidXJsIjoiaHR0cHM6XC9cL3d3dy5leHBlcmllbmNpYWNhZmV0ZXJhLmNvbVwvd3AtY29udGVudFwvdXBsb2Fkc1wvMjAyNVwvMTFcL0NvbWVkb3ItYmFycmEtY29uLXBhbm9yYW1hLTEtMS1zY2FsZWQuanBnIiwic2xpZGVzaG93IjoiODQ2MzUxMyJ9\">\n\t\t\t\t\t<div class=\"e-gallery-image elementor-gallery-item__image\" data-thumbnail=\"https:\/\/www.experienciacafetera.com\/wp-content\/uploads\/2025\/11\/Comedor-barra-con-panorama-1-1-1024x768.jpg\" data-width=\"800\" data-height=\"600\" aria-label=\"\" role=\"img\" ><\/div>\n\t\t\t\t\t\t\t\t\t\t\t<div class=\"elementor-gallery-item__overlay\"><\/div>\n\t\t\t\t\t\t\t\t\t\t\t\t\t\t<\/a>\n\t\t\t\t\t\t\t<a class=\"e-gallery-item elementor-gallery-item elementor-animated-content\" href=\"https:\/\/www.experienciacafetera.com\/wp-content\/uploads\/2025\/11\/Habitacion-Montanas_-doble-privada-110.000-cop-Habitacion-2-1-1-scaled.jpg\" data-elementor-open-lightbox=\"yes\" data-elementor-lightbox-slideshow=\"8463513\" data-elementor-lightbox-title=\"Habitaci\u00f3n Monta\u00f1as_ doble privada-110.000 cop- Habitaci\u00f3n (2) (1)\" data-e-action-hash=\"#elementor-action%3Aaction%3Dlightbox%26settings%3DeyJpZCI6NDMwNiwidXJsIjoiaHR0cHM6XC9cL3d3dy5leHBlcmllbmNpYWNhZmV0ZXJhLmNvbVwvd3AtY29udGVudFwvdXBsb2Fkc1wvMjAyNVwvMTFcL0hhYml0YWNpb24tTW9udGFuYXNfLWRvYmxlLXByaXZhZGEtMTEwLjAwMC1jb3AtSGFiaXRhY2lvbi0yLTEtMS1zY2FsZWQuanBnIiwic2xpZGVzaG93IjoiODQ2MzUxMyJ9\">\n\t\t\t\t\t<div class=\"e-gallery-image elementor-gallery-item__image\" data-thumbnail=\"https:\/\/www.experienciacafetera.com\/wp-content\/uploads\/2025\/11\/Habitacion-Montanas_-doble-privada-110.000-cop-Habitacion-2-1-1-1024x768.jpg\" data-width=\"800\" data-height=\"600\" aria-label=\"\" role=\"img\" ><\/div>\n\t\t\t\t\t\t\t\t\t\t\t<div class=\"elementor-gallery-item__overlay\"><\/div>\n\t\t\t\t\t\t\t\t\t\t\t\t\t\t<\/a>\n\t\t\t\t\t\t\t<a class=\"e-gallery-item elementor-gallery-item elementor-animated-content\" href=\"https:\/\/www.experienciacafetera.com\/wp-content\/uploads\/2025\/11\/Habitacion-Cielo_-compartida-60.000-cop-por-persona-2-1-2-scaled.jpg\" data-elementor-open-lightbox=\"yes\" data-elementor-lightbox-slideshow=\"8463513\" data-elementor-lightbox-title=\"Habitaci\u00f3n Cielo_ compartida-60.000 cop por persona (2) (1)\" data-e-action-hash=\"#elementor-action%3Aaction%3Dlightbox%26settings%3DeyJpZCI6NDMzOSwidXJsIjoiaHR0cHM6XC9cL3d3dy5leHBlcmllbmNpYWNhZmV0ZXJhLmNvbVwvd3AtY29udGVudFwvdXBsb2Fkc1wvMjAyNVwvMTFcL0hhYml0YWNpb24tQ2llbG9fLWNvbXBhcnRpZGEtNjAuMDAwLWNvcC1wb3ItcGVyc29uYS0yLTEtMi1zY2FsZWQuanBnIiwic2xpZGVzaG93IjoiODQ2MzUxMyJ9\">\n\t\t\t\t\t<div class=\"e-gallery-image elementor-gallery-item__image\" data-thumbnail=\"https:\/\/www.experienciacafetera.com\/wp-content\/uploads\/2025\/11\/Habitacion-Cielo_-compartida-60.000-cop-por-persona-2-1-2-1024x768.jpg\" data-width=\"800\" data-height=\"600\" aria-label=\"\" role=\"img\" ><\/div>\n\t\t\t\t\t\t\t\t\t\t\t<div class=\"elementor-gallery-item__overlay\"><\/div>\n\t\t\t\t\t\t\t\t\t\t\t\t\t\t<\/a>\n\t\t\t\t\t<\/div>\n\t\t\t\t\t<\/div>\n\t\t\t\t<\/div>\n\t\t\t\t<\/div>\n\t\t\t\t<div class=\"elementor-element elementor-element-312ff03 elementor-invisible elementor-widget elementor-widget-heading\" data-id=\"312ff03\" data-element_type=\"widget\" data-e-type=\"widget\" data-settings=\"{&quot;_animation&quot;:&quot;fadeInUp&quot;}\" data-widget_type=\"heading.default\">\n\t\t\t\t<div class=\"elementor-widget-container\">\n\t\t\t\t\t<h2 class=\"elementor-heading-title elementor-size-default\">Where to stay?<\/h2>\t\t\t\t<\/div>\n\t\t\t\t<\/div>\n\t\t<div class=\"elementor-element elementor-element-d355110 e-con-full e-flex elementor-invisible e-con e-child\" data-id=\"d355110\" data-element_type=\"container\" data-e-type=\"container\" data-settings=\"{&quot;animation&quot;:&quot;fadeInDown&quot;}\">\n\t\t<div class=\"elementor-element elementor-element-a862b86 e-con-full e-flex e-con e-child\" data-id=\"a862b86\" data-element_type=\"container\" data-e-type=\"container\">\n\t\t\t\t<div class=\"elementor-element elementor-element-5547e4d elementor-widget elementor-widget-heading\" data-id=\"5547e4d\" data-element_type=\"widget\" data-e-type=\"widget\" data-widget_type=\"heading.default\">\n\t\t\t\t<div class=\"elementor-widget-container\">\n\t\t\t\t\t<h2 class=\"elementor-heading-title elementor-size-default\"><a href=\"https:\/\/www.experienciacafetera.com\/en\/coffee-region\/hacienda-bambusa-0\/\">HACIENDA BAMBUSA<\/a><\/h2>\t\t\t\t<\/div>\n\t\t\t\t<\/div>\n\t\t\t\t<div class=\"elementor-element elementor-element-daf91c3 elementor-widget elementor-widget-image\" data-id=\"daf91c3\" data-element_type=\"widget\" data-e-type=\"widget\" data-widget_type=\"image.default\">\n\t\t\t\t<div class=\"elementor-widget-container\">\n\t\t\t\t\t\t\t\t\t\t\t\t\t\t\t<img fetchpriority=\"high\" decoding=\"async\" width=\"768\" height=\"1024\" src=\"https:\/\/www.experienciacafetera.com\/wp-content\/uploads\/2025\/11\/Diseno-sin-titulo-1-1-768x1024.png\" class=\"attachment-large size-large wp-image-4030\" alt=\"BAMBUSA\" srcset=\"https:\/\/www.experienciacafetera.com\/wp-content\/uploads\/2025\/11\/Diseno-sin-titulo-1-1-768x1024.png 768w, https:\/\/www.experienciacafetera.com\/wp-content\/uploads\/2025\/11\/Diseno-sin-titulo-1-1-225x300.png 225w, https:\/\/www.experienciacafetera.com\/wp-content\/uploads\/2025\/11\/Diseno-sin-titulo-1-1-1152x1536.png 1152w, https:\/\/www.experienciacafetera.com\/wp-content\/uploads\/2025\/11\/Diseno-sin-titulo-1-1.png 1536w\" sizes=\"(max-width: 768px) 100vw, 768px\" \/>\t\t\t\t\t\t\t\t\t\t\t\t\t\t\t<\/div>\n\t\t\t\t<\/div>\n\t\t<div class=\"elementor-element elementor-element-1a8f848 e-con-full e-flex e-con e-child\" data-id=\"1a8f848\" data-element_type=\"container\" data-e-type=\"container\">\n\t\t\t\t<div class=\"elementor-element elementor-element-bf5ad61 elementor-widget elementor-widget-text-editor\" data-id=\"bf5ad61\" data-element_type=\"widget\" data-e-type=\"widget\" data-widget_type=\"text-editor.default\">\n\t\t\t\t<div class=\"elementor-widget-container\">\n\t\t\t\t\t\t\t\t\t<p><strong>Location:<\/strong><br \/>Armenia, Quind\u00edo, Colombia<\/p>\t\t\t\t\t\t\t\t<\/div>\n\t\t\t\t<\/div>\n\t\t\t\t<\/div>\n\t\t\t\t<\/div>\n\t\t<div class=\"elementor-element elementor-element-dc687c4 e-con-full e-flex e-con e-child\" data-id=\"dc687c4\" data-element_type=\"container\" data-e-type=\"container\">\n\t\t\t\t<div class=\"elementor-element elementor-element-28b33d3 elementor-widget elementor-widget-heading\" data-id=\"28b33d3\" data-element_type=\"widget\" data-e-type=\"widget\" data-widget_type=\"heading.default\">\n\t\t\t\t<div class=\"elementor-widget-container\">\n\t\t\t\t\t<h2 class=\"elementor-heading-title elementor-size-default\"><a href=\"https:\/\/www.experienciacafetera.com\/en\/coffee-region\/casa-rivera-de-cacao-0\/\">PANORAMA CAF\u00c9 HOSTAL<\/a><\/h2>\t\t\t\t<\/div>\n\t\t\t\t<\/div>\n\t\t\t\t<div class=\"elementor-element elementor-element-725d7ed elementor-widget elementor-widget-image\" data-id=\"725d7ed\" data-element_type=\"widget\" data-e-type=\"widget\" data-widget_type=\"image.default\">\n\t\t\t\t<div class=\"elementor-widget-container\">\n\t\t\t\t\t\t\t\t\t\t\t\t\t\t\t<img decoding=\"async\" width=\"768\" height=\"1024\" src=\"https:\/\/www.experienciacafetera.com\/wp-content\/uploads\/2025\/11\/Diseno-sin-titulo-768x1024.png\" class=\"attachment-medium_large size-medium_large wp-image-4011\" alt=\"Panorama cafe  hostal\" srcset=\"https:\/\/www.experienciacafetera.com\/wp-content\/uploads\/2025\/11\/Diseno-sin-titulo-768x1024.png 768w, https:\/\/www.experienciacafetera.com\/wp-content\/uploads\/2025\/11\/Diseno-sin-titulo-225x300.png 225w, https:\/\/www.experienciacafetera.com\/wp-content\/uploads\/2025\/11\/Diseno-sin-titulo-1152x1536.png 1152w, https:\/\/www.experienciacafetera.com\/wp-content\/uploads\/2025\/11\/Diseno-sin-titulo.png 1536w\" sizes=\"(max-width: 768px) 100vw, 768px\" \/>\t\t\t\t\t\t\t\t\t\t\t\t\t\t\t<\/div>\n\t\t\t\t<\/div>\n\t\t<div class=\"elementor-element elementor-element-d52aa7b e-con-full e-flex e-con e-child\" data-id=\"d52aa7b\" data-element_type=\"container\" data-e-type=\"container\">\n\t\t\t\t<div class=\"elementor-element elementor-element-7b04136 elementor-widget elementor-widget-text-editor\" data-id=\"7b04136\" data-element_type=\"widget\" data-e-type=\"widget\" data-widget_type=\"text-editor.default\">\n\t\t\t\t<div class=\"elementor-widget-container\">\n\t\t\t\t\t\t\t\t\t<p><strong>Location:<\/strong><br \/>Bellavista, Quind\u00edo, Colombia<\/p>\t\t\t\t\t\t\t\t<\/div>\n\t\t\t\t<\/div>\n\t\t\t\t<\/div>\n\t\t\t\t<\/div>\n\t\t<div class=\"elementor-element elementor-element-d13877f e-con-full e-flex e-con e-child\" data-id=\"d13877f\" data-element_type=\"container\" data-e-type=\"container\">\n\t\t\t\t<div class=\"elementor-element elementor-element-0087e4a elementor-widget elementor-widget-heading\" data-id=\"0087e4a\" data-element_type=\"widget\" data-e-type=\"widget\" data-widget_type=\"heading.default\">\n\t\t\t\t<div class=\"elementor-widget-container\">\n\t\t\t\t\t<h2 class=\"elementor-heading-title elementor-size-default\"><a href=\"https:\/\/www.experienciacafetera.com\/en\/coffee-region\/hotel-san-telmo-0\/\">HOTEL SAN TELMO<\/a><\/h2>\t\t\t\t<\/div>\n\t\t\t\t<\/div>\n\t\t\t\t<div class=\"elementor-element elementor-element-332d829 elementor-widget elementor-widget-image\" data-id=\"332d829\" data-element_type=\"widget\" data-e-type=\"widget\" data-widget_type=\"image.default\">\n\t\t\t\t<div class=\"elementor-widget-container\">\n\t\t\t\t\t\t\t\t\t\t\t\t\t\t\t<img decoding=\"async\" width=\"768\" height=\"1024\" src=\"https:\/\/www.experienciacafetera.com\/wp-content\/uploads\/2025\/03\/Hotel-san-telmo-1-768x1024.jpg\" class=\"attachment-large size-large wp-image-3249\" alt=\"\" srcset=\"https:\/\/www.experienciacafetera.com\/wp-content\/uploads\/2025\/03\/Hotel-san-telmo-1-768x1024.jpg 768w, https:\/\/www.experienciacafetera.com\/wp-content\/uploads\/2025\/03\/Hotel-san-telmo-1-225x300.jpg 225w, https:\/\/www.experienciacafetera.com\/wp-content\/uploads\/2025\/03\/Hotel-san-telmo-1-1152x1536.jpg 1152w, https:\/\/www.experienciacafetera.com\/wp-content\/uploads\/2025\/03\/Hotel-san-telmo-1.jpg 1536w\" sizes=\"(max-width: 768px) 100vw, 768px\" \/>\t\t\t\t\t\t\t\t\t\t\t\t\t\t\t<\/div>\n\t\t\t\t<\/div>\n\t\t<div class=\"elementor-element elementor-element-f77edc3 e-con-full e-flex e-con e-child\" data-id=\"f77edc3\" data-element_type=\"container\" data-e-type=\"container\">\n\t\t\t\t<div class=\"elementor-element elementor-element-5fcfe5b elementor-widget elementor-widget-text-editor\" data-id=\"5fcfe5b\" data-element_type=\"widget\" data-e-type=\"widget\" data-widget_type=\"text-editor.default\">\n\t\t\t\t<div class=\"elementor-widget-container\">\n\t\t\t\t\t\t\t\t\t<p><strong>Location:<\/strong><br \/>Buga, Valle, Colombia<\/p>\t\t\t\t\t\t\t\t<\/div>\n\t\t\t\t<\/div>\n\t\t\t\t<\/div>\n\t\t\t\t<\/div>\n\t\t\t\t<\/div>\n\t\t<div class=\"elementor-element elementor-element-a36f62c e-con-full e-flex elementor-invisible e-con e-child\" data-id=\"a36f62c\" data-element_type=\"container\" data-e-type=\"container\" data-settings=\"{&quot;animation&quot;:&quot;zoomIn&quot;}\">\n\t\t\t\t<div class=\"elementor-element elementor-element-c87f54d elementor-widget elementor-widget-image-carousel\" data-id=\"c87f54d\" data-element_type=\"widget\" data-e-type=\"widget\" data-settings=\"{&quot;slides_to_show&quot;:&quot;1&quot;,&quot;navigation&quot;:&quot;none&quot;,&quot;autoplay&quot;:&quot;yes&quot;,&quot;pause_on_hover&quot;:&quot;yes&quot;,&quot;pause_on_interaction&quot;:&quot;yes&quot;,&quot;autoplay_speed&quot;:5000,&quot;infinite&quot;:&quot;yes&quot;,&quot;effect&quot;:&quot;slide&quot;,&quot;speed&quot;:500}\" data-widget_type=\"image-carousel.default\">\n\t\t\t\t<div class=\"elementor-widget-container\">\n\t\t\t\t\t\t\t<div class=\"elementor-image-carousel-wrapper swiper\" role=\"region\" aria-roledescription=\"carousel\" aria-label=\"Carrusel de im\u00e1genes\" dir=\"ltr\">\n\t\t\t<div class=\"elementor-image-carousel swiper-wrapper\" aria-live=\"off\">\n\t\t\t\t\t\t\t\t<div class=\"swiper-slide\" role=\"group\" aria-roledescription=\"slide\" aria-label=\"1 of 2\"><figure class=\"swiper-slide-inner\"><img decoding=\"async\" class=\"swiper-slide-image\" src=\"https:\/\/www.experienciacafetera.com\/wp-content\/uploads\/2024\/07\/banner_a_wakecup_es.jpg\" alt=\"banner_a_wakecup_es\" \/><\/figure><\/div><div class=\"swiper-slide\" role=\"group\" aria-roledescription=\"slide\" aria-label=\"2 of 2\"><figure class=\"swiper-slide-inner\"><img decoding=\"async\" class=\"swiper-slide-image\" src=\"https:\/\/www.experienciacafetera.com\/wp-content\/uploads\/2024\/07\/banner_a_hostels_es.jpg\" alt=\"banner_a_hostels_es\" \/><\/figure><\/div>\t\t\t<\/div>\n\t\t\t\t\t\t\t\n\t\t\t\t\t\t\t\t\t<\/div>\n\t\t\t\t\t\t<\/div>\n\t\t\t\t<\/div>\n\t\t\t\t<\/div>\n\t\t\t\t\t<\/div>\n\t\t\t\t<\/section>\n\t\t\t\t<\/div>\n\t\t","protected":false},"excerpt":{"rendered":"<p>PANORAMA CAF\u00c9 HOSTAL Wake up to coffee-scented mornings and mountain views \u2615A stay that feels like a storyLocated in the heart of the Coffee Triangle, Panorama Caf\u00e9 Hostel blends local culture, comfort, and authentic hospitality. Whether you\u2019re a solo traveler, backpacker, or couple, this cozy hostel offers the perfect balance between adventure and relaxation. \ud83c\udfe1 [&hellip;]<\/p>\n","protected":false},"author":1,"featured_media":0,"parent":962,"menu_order":0,"comment_status":"closed","ping_status":"closed","template":"elementor_header_footer","meta":{"footnotes":""},"class_list":["post-992","page","type-page","status-publish","hentry"],"_links":{"self":[{"href":"https:\/\/www.experienciacafetera.com\/en\/wp-json\/wp\/v2\/pages\/992","targetHints":{"allow":["GET"]}}],"collection":[{"href":"https:\/\/www.experienciacafetera.com\/en\/wp-json\/wp\/v2\/pages"}],"about":[{"href":"https:\/\/www.experienciacafetera.com\/en\/wp-json\/wp\/v2\/types\/page"}],"author":[{"embeddable":true,"href":"https:\/\/www.experienciacafetera.com\/en\/wp-json\/wp\/v2\/users\/1"}],"replies":[{"embeddable":true,"href":"https:\/\/www.experienciacafetera.com\/en\/wp-json\/wp\/v2\/comments?post=992"}],"version-history":[{"count":27,"href":"https:\/\/www.experienciacafetera.com\/en\/wp-json\/wp\/v2\/pages\/992\/revisions"}],"predecessor-version":[{"id":4344,"href":"https:\/\/www.experienciacafetera.com\/en\/wp-json\/wp\/v2\/pages\/992\/revisions\/4344"}],"up":[{"embeddable":true,"href":"https:\/\/www.experienciacafetera.com\/en\/wp-json\/wp\/v2\/pages\/962"}],"wp:attachment":[{"href":"https:\/\/www.experienciacafetera.com\/en\/wp-json\/wp\/v2\/media?parent=992"}],"curies":[{"name":"wp","href":"https:\/\/api.w.org\/{rel}","templated":true}]}}