{"id":985,"date":"2024-07-05T01:13:37","date_gmt":"2024-07-05T01:13:37","guid":{"rendered":"https:\/\/www.experienciacafetera.com\/?page_id=985"},"modified":"2025-11-11T18:51:19","modified_gmt":"2025-11-11T18:51:19","slug":"where-to-stay-coffee-region","status":"publish","type":"page","link":"https:\/\/www.experienciacafetera.com\/en\/where-to-stay-coffee-region\/","title":{"rendered":"Where to stay?"},"content":{"rendered":"\t\t<div data-elementor-type=\"wp-page\" data-elementor-id=\"985\" class=\"elementor elementor-985\" data-elementor-post-type=\"page\">\n\t\t\t\t<section class=\"elementor-element elementor-element-2476d7b e-flex e-con-boxed e-con e-parent\" data-id=\"2476d7b\" data-element_type=\"container\" data-e-type=\"container\">\n\t\t\t\t\t<div class=\"e-con-inner\">\n\t\t\t\t<div class=\"elementor-element elementor-element-0913429 elementor-invisible elementor-widget elementor-widget-heading\" data-id=\"0913429\" data-element_type=\"widget\" data-e-type=\"widget\" data-settings=\"{&quot;_animation&quot;:&quot;fadeInUp&quot;}\" data-widget_type=\"heading.default\">\n\t\t\t\t<div class=\"elementor-widget-container\">\n\t\t\t\t\t<h2 class=\"elementor-heading-title elementor-size-default\">Where to stay?<\/h2>\t\t\t\t<\/div>\n\t\t\t\t<\/div>\n\t\t<div class=\"elementor-element elementor-element-52a3d42 e-con-full e-flex elementor-invisible e-con e-child\" data-id=\"52a3d42\" data-element_type=\"container\" data-e-type=\"container\" data-settings=\"{&quot;animation&quot;:&quot;fadeInDown&quot;}\">\n\t\t<div class=\"elementor-element elementor-element-23b8694 e-con-full e-flex e-con e-child\" data-id=\"23b8694\" data-element_type=\"container\" data-e-type=\"container\">\n\t\t\t\t<div class=\"elementor-element elementor-element-c4a3640 elementor-widget elementor-widget-heading\" data-id=\"c4a3640\" data-element_type=\"widget\" data-e-type=\"widget\" data-widget_type=\"heading.default\">\n\t\t\t\t<div class=\"elementor-widget-container\">\n\t\t\t\t\t<h2 class=\"elementor-heading-title elementor-size-default\"><a href=\"https:\/\/www.experienciacafetera.com\/en\/coffee-region\/casa-rivera-de-cacao-0\/\">Panorama Caf\u00e9 Hostel<\/a><\/h2>\t\t\t\t<\/div>\n\t\t\t\t<\/div>\n\t\t\t\t<div class=\"elementor-element elementor-element-02e0269 elementor-widget elementor-widget-image\" data-id=\"02e0269\" data-element_type=\"widget\" data-e-type=\"widget\" data-widget_type=\"image.default\">\n\t\t\t\t<div class=\"elementor-widget-container\">\n\t\t\t\t\t\t\t\t\t\t\t\t\t\t\t<img fetchpriority=\"high\" decoding=\"async\" width=\"768\" height=\"1024\" src=\"https:\/\/www.experienciacafetera.com\/wp-content\/uploads\/2025\/11\/Diseno-sin-titulo-768x1024.png\" class=\"attachment-large size-large wp-image-4011\" alt=\"Panorama cafe  hostal\" srcset=\"https:\/\/www.experienciacafetera.com\/wp-content\/uploads\/2025\/11\/Diseno-sin-titulo-768x1024.png 768w, https:\/\/www.experienciacafetera.com\/wp-content\/uploads\/2025\/11\/Diseno-sin-titulo-225x300.png 225w, https:\/\/www.experienciacafetera.com\/wp-content\/uploads\/2025\/11\/Diseno-sin-titulo-1152x1536.png 1152w, https:\/\/www.experienciacafetera.com\/wp-content\/uploads\/2025\/11\/Diseno-sin-titulo.png 1536w\" sizes=\"(max-width: 768px) 100vw, 768px\" \/>\t\t\t\t\t\t\t\t\t\t\t\t\t\t\t<\/div>\n\t\t\t\t<\/div>\n\t\t<div class=\"elementor-element elementor-element-81b9362 e-con-full e-flex e-con e-child\" data-id=\"81b9362\" data-element_type=\"container\" data-e-type=\"container\">\n\t\t\t\t<div class=\"elementor-element elementor-element-4613080 elementor-widget elementor-widget-text-editor\" data-id=\"4613080\" data-element_type=\"widget\" data-e-type=\"widget\" data-widget_type=\"text-editor.default\">\n\t\t\t\t<div class=\"elementor-widget-container\">\n\t\t\t\t\t\t\t\t\t<p><strong>Location:<\/strong><br \/>Bellavista, Quind\u00edo, Colombia<\/p>\t\t\t\t\t\t\t\t<\/div>\n\t\t\t\t<\/div>\n\t\t\t\t<\/div>\n\t\t\t\t<\/div>\n\t\t<div class=\"elementor-element elementor-element-d57b9d7 e-con-full e-flex e-con e-child\" data-id=\"d57b9d7\" data-element_type=\"container\" data-e-type=\"container\">\n\t\t\t\t<div class=\"elementor-element elementor-element-751024f elementor-widget elementor-widget-heading\" data-id=\"751024f\" data-element_type=\"widget\" data-e-type=\"widget\" data-widget_type=\"heading.default\">\n\t\t\t\t<div class=\"elementor-widget-container\">\n\t\t\t\t\t<h2 class=\"elementor-heading-title elementor-size-default\"><a href=\"https:\/\/www.experienciacafetera.com\/en\/coffee-region\/hotel-san-telmo-0\/\">Hotel San Telmo<\/a><\/h2>\t\t\t\t<\/div>\n\t\t\t\t<\/div>\n\t\t\t\t<div class=\"elementor-element elementor-element-de490b0 elementor-widget elementor-widget-image\" data-id=\"de490b0\" data-element_type=\"widget\" data-e-type=\"widget\" data-widget_type=\"image.default\">\n\t\t\t\t<div class=\"elementor-widget-container\">\n\t\t\t\t\t\t\t\t\t\t\t\t\t\t\t<img decoding=\"async\" width=\"768\" height=\"1024\" src=\"https:\/\/www.experienciacafetera.com\/wp-content\/uploads\/2025\/03\/Hotel-san-telmo-1-768x1024.jpg\" class=\"attachment-large size-large wp-image-3249\" alt=\"\" srcset=\"https:\/\/www.experienciacafetera.com\/wp-content\/uploads\/2025\/03\/Hotel-san-telmo-1-768x1024.jpg 768w, https:\/\/www.experienciacafetera.com\/wp-content\/uploads\/2025\/03\/Hotel-san-telmo-1-225x300.jpg 225w, https:\/\/www.experienciacafetera.com\/wp-content\/uploads\/2025\/03\/Hotel-san-telmo-1-1152x1536.jpg 1152w, https:\/\/www.experienciacafetera.com\/wp-content\/uploads\/2025\/03\/Hotel-san-telmo-1.jpg 1536w\" sizes=\"(max-width: 768px) 100vw, 768px\" \/>\t\t\t\t\t\t\t\t\t\t\t\t\t\t\t<\/div>\n\t\t\t\t<\/div>\n\t\t<div class=\"elementor-element elementor-element-8b30bf1 e-con-full e-flex e-con e-child\" data-id=\"8b30bf1\" data-element_type=\"container\" data-e-type=\"container\">\n\t\t\t\t<div class=\"elementor-element elementor-element-c6c16a5 elementor-widget elementor-widget-text-editor\" data-id=\"c6c16a5\" data-element_type=\"widget\" data-e-type=\"widget\" data-widget_type=\"text-editor.default\">\n\t\t\t\t<div class=\"elementor-widget-container\">\n\t\t\t\t\t\t\t\t\t<p><strong>Location:<\/strong><br \/>Buga<\/p>\t\t\t\t\t\t\t\t<\/div>\n\t\t\t\t<\/div>\n\t\t\t\t<\/div>\n\t\t\t\t<\/div>\n\t\t<div class=\"elementor-element elementor-element-aae51fe e-con-full e-flex e-con e-child\" data-id=\"aae51fe\" data-element_type=\"container\" data-e-type=\"container\">\n\t\t\t\t<div class=\"elementor-element elementor-element-5ab0803 elementor-widget elementor-widget-heading\" data-id=\"5ab0803\" data-element_type=\"widget\" data-e-type=\"widget\" data-widget_type=\"heading.default\">\n\t\t\t\t<div class=\"elementor-widget-container\">\n\t\t\t\t\t<h2 class=\"elementor-heading-title elementor-size-default\"><a href=\"https:\/\/www.experienciacafetera.com\/en\/coffee-region\/hacienda-bambusa-0\/\">Hacienda Bambusa<\/a><\/h2>\t\t\t\t<\/div>\n\t\t\t\t<\/div>\n\t\t\t\t<div class=\"elementor-element elementor-element-af0816a elementor-widget elementor-widget-image\" data-id=\"af0816a\" data-element_type=\"widget\" data-e-type=\"widget\" data-widget_type=\"image.default\">\n\t\t\t\t<div class=\"elementor-widget-container\">\n\t\t\t\t\t\t\t\t\t\t\t\t\t\t\t<img decoding=\"async\" width=\"768\" height=\"1024\" src=\"https:\/\/www.experienciacafetera.com\/wp-content\/uploads\/2025\/04\/bambusa-globo-ok-2-768x1024.png\" class=\"attachment-large size-large wp-image-3411\" alt=\"\" srcset=\"https:\/\/www.experienciacafetera.com\/wp-content\/uploads\/2025\/04\/bambusa-globo-ok-2-768x1024.png 768w, https:\/\/www.experienciacafetera.com\/wp-content\/uploads\/2025\/04\/bambusa-globo-ok-2-225x300.png 225w, https:\/\/www.experienciacafetera.com\/wp-content\/uploads\/2025\/04\/bambusa-globo-ok-2-1152x1536.png 1152w, https:\/\/www.experienciacafetera.com\/wp-content\/uploads\/2025\/04\/bambusa-globo-ok-2.png 1536w\" sizes=\"(max-width: 768px) 100vw, 768px\" \/>\t\t\t\t\t\t\t\t\t\t\t\t\t\t\t<\/div>\n\t\t\t\t<\/div>\n\t\t<div class=\"elementor-element elementor-element-0f5defb e-con-full e-flex e-con e-child\" data-id=\"0f5defb\" data-element_type=\"container\" data-e-type=\"container\">\n\t\t\t\t<div class=\"elementor-element elementor-element-c0d5fbd elementor-widget elementor-widget-text-editor\" data-id=\"c0d5fbd\" data-element_type=\"widget\" data-e-type=\"widget\" data-widget_type=\"text-editor.default\">\n\t\t\t\t<div class=\"elementor-widget-container\">\n\t\t\t\t\t\t\t\t\t<p><strong>Location:<\/strong><br \/>Armenia, Quind\u00edo, Colombia<\/p>\t\t\t\t\t\t\t\t<\/div>\n\t\t\t\t<\/div>\n\t\t\t\t<\/div>\n\t\t\t\t<\/div>\n\t\t\t\t<\/div>\n\t\t<div class=\"elementor-element elementor-element-d8f6641 e-con-full e-flex elementor-invisible e-con e-child\" data-id=\"d8f6641\" data-element_type=\"container\" data-e-type=\"container\" data-settings=\"{&quot;animation&quot;:&quot;zoomIn&quot;}\">\n\t\t\t\t<div class=\"elementor-element elementor-element-0b83f30 elementor-widget elementor-widget-image-carousel\" data-id=\"0b83f30\" data-element_type=\"widget\" data-e-type=\"widget\" data-settings=\"{&quot;slides_to_show&quot;:&quot;1&quot;,&quot;navigation&quot;:&quot;none&quot;,&quot;autoplay&quot;:&quot;yes&quot;,&quot;pause_on_hover&quot;:&quot;yes&quot;,&quot;pause_on_interaction&quot;:&quot;yes&quot;,&quot;autoplay_speed&quot;:5000,&quot;infinite&quot;:&quot;yes&quot;,&quot;effect&quot;:&quot;slide&quot;,&quot;speed&quot;:500}\" data-widget_type=\"image-carousel.default\">\n\t\t\t\t<div class=\"elementor-widget-container\">\n\t\t\t\t\t\t\t<div class=\"elementor-image-carousel-wrapper swiper\" role=\"region\" aria-roledescription=\"carousel\" aria-label=\"Carrusel de im\u00e1genes\" dir=\"ltr\">\n\t\t\t<div class=\"elementor-image-carousel swiper-wrapper\" aria-live=\"off\">\n\t\t\t\t\t\t\t\t<div class=\"swiper-slide\" role=\"group\" aria-roledescription=\"slide\" aria-label=\"1 of 2\"><figure class=\"swiper-slide-inner\"><img decoding=\"async\" class=\"swiper-slide-image\" src=\"https:\/\/www.experienciacafetera.com\/wp-content\/uploads\/2024\/07\/banner_a_wakecup_es.jpg\" alt=\"banner_a_wakecup_es\" \/><\/figure><\/div><div class=\"swiper-slide\" role=\"group\" aria-roledescription=\"slide\" aria-label=\"2 of 2\"><figure class=\"swiper-slide-inner\"><img decoding=\"async\" class=\"swiper-slide-image\" src=\"https:\/\/www.experienciacafetera.com\/wp-content\/uploads\/2024\/07\/banner_a_hostels_es.jpg\" alt=\"banner_a_hostels_es\" \/><\/figure><\/div>\t\t\t<\/div>\n\t\t\t\t\t\t\t\n\t\t\t\t\t\t\t\t\t<\/div>\n\t\t\t\t\t\t<\/div>\n\t\t\t\t<\/div>\n\t\t\t\t<\/div>\n\t\t\t\t\t<\/div>\n\t\t\t\t<\/section>\n\t\t\t\t<\/div>\n\t\t","protected":false},"excerpt":{"rendered":"<p>Where to stay? Panorama Caf\u00e9 Hostel Location:Bellavista, Quind\u00edo, Colombia Hotel San Telmo Location:Buga Hacienda Bambusa Location:Armenia, Quind\u00edo, Colombia<\/p>\n","protected":false},"author":1,"featured_media":0,"parent":0,"menu_order":0,"comment_status":"closed","ping_status":"closed","template":"elementor_header_footer","meta":{"footnotes":""},"class_list":["post-985","page","type-page","status-publish","hentry"],"_links":{"self":[{"href":"https:\/\/www.experienciacafetera.com\/en\/wp-json\/wp\/v2\/pages\/985","targetHints":{"allow":["GET"]}}],"collection":[{"href":"https:\/\/www.experienciacafetera.com\/en\/wp-json\/wp\/v2\/pages"}],"about":[{"href":"https:\/\/www.experienciacafetera.com\/en\/wp-json\/wp\/v2\/types\/page"}],"author":[{"embeddable":true,"href":"https:\/\/www.experienciacafetera.com\/en\/wp-json\/wp\/v2\/users\/1"}],"replies":[{"embeddable":true,"href":"https:\/\/www.experienciacafetera.com\/en\/wp-json\/wp\/v2\/comments?post=985"}],"version-history":[{"count":33,"href":"https:\/\/www.experienciacafetera.com\/en\/wp-json\/wp\/v2\/pages\/985\/revisions"}],"predecessor-version":[{"id":4358,"href":"https:\/\/www.experienciacafetera.com\/en\/wp-json\/wp\/v2\/pages\/985\/revisions\/4358"}],"wp:attachment":[{"href":"https:\/\/www.experienciacafetera.com\/en\/wp-json\/wp\/v2\/media?parent=985"}],"curies":[{"name":"wp","href":"https:\/\/api.w.org\/{rel}","templated":true}]}}